{"id":120167,"date":"2024-01-23T09:33:06","date_gmt":"2024-01-23T08:33:06","guid":{"rendered":"https:\/\/staging.sim-usa.mobi\/router-hotspot-wifi-general-rent-terms\/"},"modified":"2024-01-23T09:41:55","modified_gmt":"2024-01-23T08:41:55","slug":"router-hotspot-wlan-allgemeine-mietbedingungen","status":"publish","type":"page","link":"https:\/\/staging.sim-usa.mobi\/de\/router-hotspot-wlan-allgemeine-mietbedingungen\/","title":{"rendered":"Router Hotspot Wlan &#8211; Allgemeine Mietbedingungen"},"content":{"rendered":"\n<p>Jede Bestellung setzt voraus, dass der Mieter die vorliegenden Bedingungen akzeptiert, die seine Beziehungen zu SIM USA regeln und Vorrang vor allen anderen Dokumenten haben. Der Verleih des Ger\u00e4tes wird hiermit geregelt. Bestimmte Bestimmungen, die hier als solche gekennzeichnet sind, betreffen nur Gewerbetreibende und gelten nicht f\u00fcr Verbraucher und\/oder Nicht-Gewerbetreibende.<\/p>\n\n<p><br\/><strong>ART. 1 VORAUSSETZUNGEN F\u00dcR DIE MIETE<\/strong><\/p>\n\n<p>Das Mindestalter f\u00fcr die Anmietung betr\u00e4gt achtzehn Jahre, und der Wohnsitz muss innerhalb der Europ\u00e4ischen Union liegen. Als Garantie f\u00fcr die Vertragserf\u00fcllung beh\u00e4lt sich SIM USA das Recht vor, die Anmietung von der Vorlage bestimmter Dokumente (Ausweis, Adressennachweis) abh\u00e4ngig zu machen, von denen eine Kopie aufbewahrt werden kann, und eine finanzielle Sicherheit zu verlangen, einschlie\u00dflich der \u00dcbergabe in einer von SIM USA akzeptierten Form, die jederzeit und ohne Vorank\u00fcndigung eingezogen werden kann, sofern sie nach Zahlung der f\u00e4lligen Betr\u00e4ge und R\u00fcckgabe des Mietobjekts in gutem Zustand zur\u00fcckgegeben wird. Die H\u00f6he der Sicherheitsleistung schr\u00e4nkt die finanzielle Haftung des Mieters, der dar\u00fcber hinaus haften kann, nicht ein.<\/p>\n\n<p><br\/><strong>ART. 2 MIETDAUER<\/strong><\/p>\n\n<p>Die Miete tritt am Tag nach der Anlieferung des Ger\u00e4ts am Lieferort in Kraft. Die Mietdauer richtet sich nach den bei der Bestellung angegebenen Reisedaten und darf 37 Tage nicht \u00fcberschreiten. Dieses Datum ist im Vertrag oder auf dem Lieferschein festgelegt. Mit der \u00dcbergabe des Ger\u00e4ts geht die Gefahr auf den Mieter \u00fcber, der die physische und rechtliche Obhut unter seiner Verantwortung \u00fcbernimmt. Die Miete und die rechtliche Verwahrung enden an dem Tag, an dem das gesamte Ger\u00e4t bei SIM USA vor Ort eingeht.<\/p>\n\n<p><br\/><strong>ART. 3 VORSCHRIFT<\/strong><\/p>\n\n<p>SIM USA kann nicht f\u00fcr Verz\u00f6gerungen bei der Verf\u00fcgbarkeit oder Lieferung verantwortlich gemacht werden, die auf Gr\u00fcnde zur\u00fcckzuf\u00fchren sind, die au\u00dferhalb ihres Einflussbereichs liegen, insbesondere \u00c4nderungen von Vorschriften, h\u00f6here Gewalt, Streiks oder deren Folgen, und haftet nicht f\u00fcr irgendwelche Entsch\u00e4digungen aus diesem Titel.<\/p>\n\n<p>Was den professionellen Mieter betrifft, so obliegt es ihm, das Ger\u00e4t nach seinen Bed\u00fcrfnissen, die er zuvor selbst festgelegt hat, auszuw\u00e4hlen und zu \u00fcberpr\u00fcfen, ob es angemessen ist. SIM USA hat weder Kenntnis von ihren Projekten noch die Verpflichtung, ihre Wahl auf die Durchf\u00fchrbarkeit und Kompatibilit\u00e4t des Ger\u00e4ts f\u00fcr ihr Projekt zu \u00fcberpr\u00fcfen, so dass sie in dieser Hinsicht nicht haftbar gemacht werden kann.<\/p>\n\n<p>SIM USA verpflichtet sich, dem Mieter ein Ger\u00e4t zur Verf\u00fcgung zu stellen, das den geltenden Vorschriften entspricht, insbesondere in Bezug auf die Sicherheit, in gutem Gebrauchs- und Wartungszustand und mit dem mitgelieferten Zubeh\u00f6r.<\/p>\n\n<p>Bei der \u00dcbernahme des Ger\u00e4ts \u00fcberpr\u00fcft der Mieter die Lieferung dieser Elemente und den offensichtlichen Zustand des Ger\u00e4ts, um gegebenenfalls Vorbehalte anzubringen. Fehlt der Vorbehalt, so gilt das Ger\u00e4t als in offensichtlich gutem Zustand an den Mieter zur\u00fcckgegeben. Ein nicht offensichtlicher Mangel oder eine technische Beanstandung kann jederzeit w\u00e4hrend des Mietverh\u00e4ltnisses gemeldet werden.<\/p>\n\n<p>Werden innerhalb von 24 Stunden nach der Lieferung keine Vorbehalte gegen den offensichtlichen Zustand des Ger\u00e4ts ge\u00e4u\u00dfert, wird davon ausgegangen, dass der Mieter das Ger\u00e4t gem\u00e4\u00df seiner Bestellung in augenscheinlich gutem Zustand und mit allem erforderlichen Zubeh\u00f6r erhalten hat. Voraussetzung f\u00fcr die Zul\u00e4ssigkeit der Vorbehalte ist, dass der Leasinggegenstand au\u00dfer f\u00fcr Betriebstests nicht genutzt wurde. Jede andere Verwendung gilt als vorbehaltlose Entgegennahme.<\/p>\n\n<p>SIM USA beh\u00e4lt sich das Recht vor, ein anderes Ger\u00e4temodell mit \u00e4hnlicher Leistung als die auf der Produktbeschreibungsseite angegebene Referenz anzubieten.<\/p>\n\n<p><br\/><strong>ART. 4 GEBRAUCH<\/strong><\/p>\n\n<p>Der Mieter verpflichtet sich, das Ger\u00e4t vern\u00fcnftig zu benutzen, in \u00dcbereinstimmung mit seiner Bestimmung und den geltenden Vorschriften, mit Vorsicht, um die Anweisungen und Hinweise f\u00fcr den Einsatz und die Sicherheit durch die Vorschriften, durch den Hersteller und \/ oder den Vermieter gesetzt zu respektieren. Jegliche Ver\u00e4nderung oder Umgestaltung des Ger\u00e4ts ist verboten. Sofern keine schriftliche Genehmigung von SIM USA vorliegt, ist der Benutzer nur berechtigt, das Ger\u00e4t in den Vereinigten Staaten zu verwenden.<\/p>\n\n<p><strong><br\/>  ART. 5 BEHEBUNG VON REPARATUREN<\/strong><\/p>\n\n<p>Der Mieter profitiert von der Unterst\u00fctzung per E-Mail und Chat w\u00e4hrend der gesamten Mietdauer. Im Falle eines Ausfalls, einer Fehlfunktion oder einer Verschlechterung w\u00e4hrend des Mietverh\u00e4ltnisses muss der Nutzer die Nutzung des Ger\u00e4ts sofort einstellen, SIM USA benachrichtigen und innerhalb von 24 Stunden eine schriftliche Best\u00e4tigung mit einer Beschreibung der Umst\u00e4nde schicken. Jede Reparatur wird nur auf Initiative von SIM USA durchgef\u00fchrt, wobei die finanzielle Belastung gem\u00e4\u00df den Bestimmungen von Artikel 7 verteilt wird.  <\/p>\n\n<p>SIM USA entscheidet allein, ob das Grundst\u00fcck repariert wird oder nicht. Eine Entsch\u00e4digung f\u00fcr die Ausfallzeit des Ger\u00e4ts w\u00e4hrend der Reparatur kann in Rechnung gestellt werden, sofern diese Ausfallzeit nicht auf SIM USA zur\u00fcckzuf\u00fchren ist. SIM USA haftet gegen\u00fcber dem professionellen Mieter nicht f\u00fcr die direkten oder indirekten, materiellen oder immateriellen Folgen eines Stillstands oder einer St\u00f6rung des Mietobjekts, die nicht auf einen Mangel zur\u00fcckzuf\u00fchren sind. die zum Zeitpunkt der Bereitstellung nachweislich bestanden haben, und ist nicht entsch\u00e4digungspflichtig.  <\/p>\n\n<p>Die Haftung von SIM USA ist in jedem Fall gegen\u00fcber dem gewerblichen Mieter auf den Betrag der Miete des betreffenden Ger\u00e4ts beschr\u00e4nkt.<\/p>\n\n<p><br\/><strong>ART. 6 HAFTUNG \/ VERSICHERUNG<\/strong><\/p>\n\n<p>Der Mieter darf das Ger\u00e4t nicht f\u00fcr einen anderen als den vorgesehenen Zweck verwenden. Er \u00fcbernimmt die physische und rechtliche Obhut \u00fcber das Ger\u00e4t und ist f\u00fcr Sch\u00e4den, die durch und an dem gemieteten Ger\u00e4t verursacht werden, verantwortlich. Sie kann jedoch nicht f\u00fcr die sch\u00e4dlichen Folgen von versteckten M\u00e4ngeln des Ger\u00e4ts verantwortlich gemacht werden, die es f\u00fcr den vorgesehenen Zweck untauglich machen, sofern sie den Nachweis daf\u00fcr erbringt. Betriebsverluste werden niemals von SIM USA gedeckt.<\/p>\n\n<p>Der Mieter ist f\u00fcr die Nutzung des Ger\u00e4ts und eventuelle Sch\u00e4den am Ger\u00e4t verantwortlich. Er \u00fcbernimmt die Verantwortung f\u00fcr die finanziellen Folgen von Sch\u00e4den, die w\u00e4hrend seiner Anmietung auftreten. . Im Falle einer irreversiblen Besch\u00e4digung, eines Totalschadens oder eines Diebstahls wird dem Kunden dann ein Pauschalbetrag von 150 Euro in Rechnung gestellt.<\/p>\n\n<p><br\/><strong>ART. 7 MIETPREISE<\/strong><\/p>\n\n<p>Unabh\u00e4ngig von der Dauer der Fahrt wird der Mietpreis durch einen festen Betrag festgelegt, den der Kunde bei der Bestellung bezahlt.<\/p>\n\n<p><br\/><strong>ART. 8 WIEDERAUFNAHME<\/strong><\/p>\n\n<p>Der Kunde hat eine Frist von 5 Werktagen ab dem Tag nach dem bei der Bestellung angegebenen R\u00fcckgabedatum, um das Ger\u00e4t zur\u00fcckzugeben. Die R\u00fccksendung erfolgt mit einem vorausbezahlten Versandetikett, das von SIM USA zur Verf\u00fcgung gestellt wird. Die Wahl des Anbieters liegt im Ermessen von SIM USA. Der Kunde muss sich bem\u00fchen, das Ger\u00e4t an dem vom Transportunternehmen angegebenen Ort zu hinterlassen. Der Kunde kann das Ger\u00e4t auf einem anderen Versandweg seiner Wahl zur\u00fccksenden. In diesem Fall ist der Kunde f\u00fcr die entstandenen Kosten verantwortlich. Die Lieferung muss gegen Unterschrift erfolgen.<\/p>\n\n<p>Der Mieter muss die Einstellungen\/Daten des Ger\u00e4ts auf den Werks-\/Standardzustand zur\u00fccksetzen. F\u00fcr den Fall, dass SIM USA das Ger\u00e4t in einem nicht zur\u00fcckgesetzten Zustand erh\u00e4lt und f\u00fcr den ein Passwort und\/oder ein PIN-Code erforderlich w\u00e4re. SIM USA beh\u00e4lt sich das Recht vor, das Ger\u00e4t an den Kunden zur\u00fcckzusenden, damit die R\u00fccksetzungsma\u00dfnahmen abgeschlossen werden k\u00f6nnen. SIM USA beh\u00e4lt sich das Recht vor, dem Kunden die Versand- und R\u00fccksendekosten in Rechnung zu stellen. Der Kunde muss alle Anstrengungen unternehmen, um das Ger\u00e4t innerhalb von 5 Werktagen nach Erhalt zur\u00fcckzusetzen.<br\/>Wenn ein Zur\u00fccksetzen nicht m\u00f6glich ist, wird das Ger\u00e4t als gestohlen oder verloren gemeldet. SIM USA beh\u00e4lt sich das Recht vor, dem Kunden einen Pauschalbetrag von 150 Euro in Rechnung zu stellen.<\/p>\n\n<p>Der Mieter ist verpflichtet, das Ger\u00e4t in einwandfreiem Zustand und in \u00dcbereinstimmung mit dem zur Verf\u00fcgung gestellten Zubeh\u00f6r zur\u00fcckzugeben. Andernfalls wird dem Kunden ein Pauschalbetrag f\u00fcr die Reparatur des Ger\u00e4ts oder des Zubeh\u00f6rs in Rechnung gestellt. Bei der R\u00fcckgabe wird zwischen SIM USA und dem Mieter ein R\u00fcckgabeschein ausgestellt, auf dem das R\u00fcckgabedatum und der offensichtliche Zustand des Ger\u00e4ts vermerkt sind, sofern keine offensichtlichen Sch\u00e4den vorliegen. SIM USA beh\u00e4lt sich eine Frist von 10 Arbeitstagen nach der R\u00fccksendung vor, um eventuelle Sch\u00e4den am Ger\u00e4t zu melden, die bei der R\u00fccksendung nicht erkennbar waren.<\/p>\n\n<p>  Bei Diebstahl oder Verlust enden der Vertrag und die Mietabrechnung erst mit Eingang der Erkl\u00e4rung des Mieters bei den Beh\u00f6rden bei SIM USA. Bei Nichtr\u00fcckgabe des Ger\u00e4ts, aus welchem Grund auch immer, wird eine Entsch\u00e4digung in H\u00f6he von 150 Euro zus\u00e4tzlich zum Mietpreis erhoben. Nicht zur\u00fcckgegebene Ger\u00e4te und Zubeh\u00f6rteile werden zum Wiederbeschaffungspreis in Rechnung gestellt.<\/p>\n\n<p><br\/><strong>ART. 9 <strong>R\u00c4UMUNG DES MIETERS<\/strong><\/strong><\/p>\n\n<p>Es ist dem Mieter untersagt, die am Ger\u00e4t angebrachten Eigentumsschilder oder Aufschriften zu entfernen oder zu ver\u00e4ndern. Das Ger\u00e4t kann nicht \u00fcbertragen oder unter Garantie abgegeben werden. Der Mieter verpflichtet sich, keine Rechte an dem gemieteten Objekt zu Gunsten anderer zu gew\u00e4hren, die die Nutzung des Objekts beeintr\u00e4chtigen oder seine Verf\u00fcgbarkeit oder das vollst\u00e4ndige Eigentum von SIM USA einschr\u00e4nken k\u00f6nnten.<\/p>\n\n<p><br\/><strong>ART. 10 AUFL\u00d6SUNGSKLAUSEL<\/strong><\/p>\n\n<p>Bei Nichterf\u00fcllung einer dem Mieter obliegenden Verpflichtung, insbesondere bei Nichtr\u00fcckgabe des Ger\u00e4tes oder bei Nichtbezahlung der Rechnung bei F\u00e4lligkeit, kann der Vertrag von SIM USA bei Verschulden des Mieters 48 Stunden nach erfolgloser Mahnung per Einschreiben mit R\u00fcckschein automatisch gek\u00fcndigt werden. In diesem Fall verlangt SIM USA die sofortige R\u00fcckgabe des Ger\u00e4ts unbeschadet der f\u00fcr abgelaufene Mietzeiten geschuldeten Betr\u00e4ge unter Androhung der in Artikel 8 vorgesehenen Sanktionen und der Anzeige nach Artikel 314-1 des Strafgesetzbuchs.  <\/p>\n\n<p>Der Mieter bleibt in jedem Fall f\u00fcr das Ger\u00e4t verantwortlich und wird zu dessen Verwahrer im Sinne von Art. 1915 C Civ. Er hat weder das Recht, sie zu benutzen noch \u00fcber sie zu verf\u00fcgen. Bei vorzeitiger Beendigung eines Vertrages, der einen Festpreis f\u00fcr eine nicht komprimierbare Mietdauer vorsieht, erh\u00e4lt SIM USA eine Entsch\u00e4digung in H\u00f6he der gesamten verbleibenden Miete oder passt den urspr\u00fcnglich angegebenen Preis in Abh\u00e4ngigkeit von der tats\u00e4chlichen Mietdauer an, und zwar in der H\u00f6he, die f\u00fcr den Mieter am g\u00fcnstigsten ist.<\/p>\n\n<p><br\/><strong>ART. 11 VERMITTLUNG<\/strong><\/p>\n\n<p>Im Streitfall kann der Verbraucher-Mieter eine Beschwerde an den Kundendienst von SIM USA per E-Mail oder per Post an 6 rue d&#8217;Armaille 75017 Paris Frankreich senden. Bei anhaltenden Meinungsverschiedenheiten kann er sich kostenlos an den Vermittler J\u00e9r\u00f4me DUPRE wenden, der SIM USA auf elektronischem Wege unterrichtet: http:\/\/mediateuronline.com<\/p>\n\n<p><br\/><strong>ART. 12 ANWENDBARES RECHT &#8211; ZUWEISUNG DER ZUST\u00c4NDIGKEIT<\/strong><br\/> <br\/>Der vorliegende Vertrag unterliegt dem franz\u00f6sischen Recht. Jeder Rechtsstreit im Zusammenhang mit diesen Bedingungen, an dem ein Verbraucher beteiligt ist, unterliegt den gesetzlichen Bestimmungen der Gerichtsbarkeit.<\/p>\n\n<p>Alle Streitigkeiten im Zusammenhang mit diesen Bedingungen, an denen ein Gewerbetreibender beteiligt ist, werden vom Handelsgericht des Hauptsitzes von SIM USA entschieden, dem die Parteien die ausschlie\u00dfliche Zust\u00e4ndigkeit zuerkennen, auch im Falle von Schnellverfahren, Gew\u00e4hrleistungsanspr\u00fcchen oder mehreren Beklagten.<\/p>\n\n<p><\/p>\n","protected":false},"excerpt":{"rendered":"<p>Jede Bestellung setzt voraus, dass der Mieter die vorliegenden Bedingungen akzeptiert, die seine Beziehungen zu SIM USA regeln und Vorrang vor allen anderen Dokumenten haben. Der Verleih des Ger\u00e4tes wird hiermit geregelt. Bestimmte Bestimmungen, die hier als solche gekennzeichnet sind, betreffen nur Gewerbetreibende und gelten nicht f\u00fcr Verbraucher und\/oder Nicht-Gewerbetreibende. ART. 1 VORAUSSETZUNGEN F\u00dcR DIE [&hellip;]<\/p>\n","protected":false},"author":993,"featured_media":0,"parent":0,"menu_order":0,"comment_status":"closed","ping_status":"closed","template":"","meta":{"site-sidebar-layout":"default","site-content-layout":"default","ast-site-content-layout":"default","site-content-style":"default","site-sidebar-style":"default","ast-global-header-display":"","ast-banner-title-visibility":"","ast-main-header-display":"","ast-hfb-above-header-display":"","ast-hfb-below-header-display":"","ast-hfb-mobile-header-display":"","site-post-title":"","ast-breadcrumbs-content":"","ast-featured-img":"","footer-sml-layout":"","ast-disable-related-posts":"","theme-transparent-header-meta":"default","adv-header-id-meta":"","stick-header-meta":"","header-above-stick-meta":"","header-main-stick-meta":"","header-below-stick-meta":"","astra-migrate-meta-layouts":"default","ast-page-background-enabled":"default","ast-page-background-meta":{"desktop":{"background-color":"","background-image":"","background-repeat":"repeat","background-position":"center center","background-size":"auto","background-attachment":"scroll","background-type":"","background-media":"","overlay-type":"","overlay-color":"","overlay-opacity":"","overlay-gradient":""},"tablet":{"background-color":"","background-image":"","background-repeat":"repeat","background-position":"center center","background-size":"auto","background-attachment":"scroll","background-type":"","background-media":"","overlay-type":"","overlay-color":"","overlay-opacity":"","overlay-gradient":""},"mobile":{"background-color":"","background-image":"","background-repeat":"repeat","background-position":"center center","background-size":"auto","background-attachment":"scroll","background-type":"","background-media":"","overlay-type":"","overlay-color":"","overlay-opacity":"","overlay-gradient":""}},"ast-content-background-meta":{"desktop":{"background-color":"var(--ast-global-color-5)","background-image":"","background-repeat":"repeat","background-position":"center center","background-size":"auto","background-attachment":"scroll","background-type":"","background-media":"","overlay-type":"","overlay-color":"","overlay-opacity":"","overlay-gradient":""},"tablet":{"background-color":"var(--ast-global-color-5)","background-image":"","background-repeat":"repeat","background-position":"center center","background-size":"auto","background-attachment":"scroll","background-type":"","background-media":"","overlay-type":"","overlay-color":"","overlay-opacity":"","overlay-gradient":""},"mobile":{"background-color":"var(--ast-global-color-5)","background-image":"","background-repeat":"repeat","background-position":"center center","background-size":"auto","background-attachment":"scroll","background-type":"","background-media":"","overlay-type":"","overlay-color":"","overlay-opacity":"","overlay-gradient":""}},"footnotes":""},"class_list":["post-120167","page","type-page","status-publish","hentry"],"aioseo_notices":[],"_links":{"self":[{"href":"https:\/\/staging.sim-usa.mobi\/de\/wp-json\/wp\/v2\/pages\/120167","targetHints":{"allow":["GET"]}}],"collection":[{"href":"https:\/\/staging.sim-usa.mobi\/de\/wp-json\/wp\/v2\/pages"}],"about":[{"href":"https:\/\/staging.sim-usa.mobi\/de\/wp-json\/wp\/v2\/types\/page"}],"author":[{"embeddable":true,"href":"https:\/\/staging.sim-usa.mobi\/de\/wp-json\/wp\/v2\/users\/993"}],"replies":[{"embeddable":true,"href":"https:\/\/staging.sim-usa.mobi\/de\/wp-json\/wp\/v2\/comments?post=120167"}],"version-history":[{"count":0,"href":"https:\/\/staging.sim-usa.mobi\/de\/wp-json\/wp\/v2\/pages\/120167\/revisions"}],"wp:attachment":[{"href":"https:\/\/staging.sim-usa.mobi\/de\/wp-json\/wp\/v2\/media?parent=120167"}],"curies":[{"name":"wp","href":"https:\/\/api.w.org\/{rel}","templated":true}]}}