{"id":69807,"date":"2021-08-11T06:33:53","date_gmt":"2021-08-11T04:33:53","guid":{"rendered":"https:\/\/staging.sim-usa.mobi\/ueber\/"},"modified":"2022-02-27T10:43:39","modified_gmt":"2022-02-27T09:43:39","slug":"ueber","status":"publish","type":"page","link":"https:\/\/staging.sim-usa.mobi\/de\/ueber\/","title":{"rendered":"\u00dcber"},"content":{"rendered":"\t\t<div data-elementor-type=\"wp-page\" data-elementor-id=\"69807\" class=\"elementor elementor-69807 elementor-24729\" data-elementor-post-type=\"page\">\n\t\t\t\t\t\t<section class=\"elementor-section elementor-top-section elementor-element elementor-element-52cb3a98 elementor-section-boxed elementor-section-height-default elementor-section-height-default\" data-id=\"52cb3a98\" data-element_type=\"section\" data-e-type=\"section\" data-settings=\"{&quot;background_background&quot;:&quot;classic&quot;}\">\n\t\t\t\t\t\t<div class=\"elementor-container elementor-column-gap-default\">\n\t\t\t\t\t<div class=\"elementor-column elementor-col-100 elementor-top-column elementor-element elementor-element-225dca0b\" data-id=\"225dca0b\" data-element_type=\"column\" data-e-type=\"column\">\n\t\t\t<div class=\"elementor-widget-wrap elementor-element-populated\">\n\t\t\t\t\t\t<div class=\"elementor-element elementor-element-3ea1cae7 elementor-widget elementor-widget-text-editor\" data-id=\"3ea1cae7\" data-element_type=\"widget\" data-e-type=\"widget\" data-widget_type=\"text-editor.default\">\n\t\t\t\t<div class=\"elementor-widget-container\">\n\t\t\t\t\t\t\t\t\t<p><strong>SIM USA<\/strong> wird von SIMGO herausgegeben, einem franz\u00f6sischen Unternehmen, das im Januar 2016 gegr\u00fcndet wurde. Wir sind spezialisiert auf den Verkauf von Prepaid Simkarten f\u00fcr die USA, Kanada, Mexiko und seit kurzem auch f\u00fcr den Rest der Welt.<\/p><p> <\/p><p>Wir bieten Simkarten von lokalen Anbietern an, welche Ihnen den besten Empfang und Geschwindigkeit bieten.<\/p><p> <\/p><p>Unsere Simkarten werden per Post oder Express Service zugestellt. Seit 2019 bieten wir jetzt das eSIM-Format f\u00fcr die sofortige Zustellung per E-Mail an, wenn Ihr Smartphone vollst\u00e4ndig kompatibel ist.<\/p><p> <\/p><p>Unser Team ist daf\u00fcr da Ihnen zu helfen, Ihre Bed\u00fcrfnisse zu verstehen und Ihnen den besten Plan in Abh\u00e4ngigkeit von Ihren Anforderungen und Budget zu empfehlen.<\/p><p> <\/p><p>Wir bieten zus\u00e4tzlich auch den Verkauf von Wlan Hotspots Ger\u00e4ten an damit Sie das Datenvolumen mit Ihrer Familie oder Reisepartner, falls Sie mit der Firma reisen, teilen k\u00f6nnen.<\/p><p>Individuelle L\u00f6sungen f\u00fcr <span style=\"font-size: 1rem;\">Firmen<\/span><span style=\"font-style: inherit; font-weight: inherit;\"> und Reiseb\u00fcros sind verf\u00fcgbar. Z\u00f6gern Sie nicht uns <span style=\"text-decoration: underline;\"><a href=\"https:\/\/staging.sim-usa.mobi\/de\/kontakt\/\">kontaktieren<\/a><\/span>, so dass wir \u00fcber Ihre Bed\u00fcrfnisse sprechen k\u00f6nnen.<\/span><\/p><p> <\/p>\t\t\t\t\t\t\t\t<\/div>\n\t\t\t\t<\/div>\n\t\t\t\t\t<\/div>\n\t\t<\/div>\n\t\t\t\t\t<\/div>\n\t\t<\/section>\n\t\t\t\t<\/div>\n\t\t","protected":false},"excerpt":{"rendered":"<p>SIM USA wird von SIMGO herausgegeben, einem franz\u00f6sischen Unternehmen, das im Januar 2016 gegr\u00fcndet wurde. Wir sind spezialisiert auf den Verkauf von Prepaid Simkarten f\u00fcr die USA, Kanada, Mexiko und seit kurzem auch f\u00fcr den Rest der Welt. Wir bieten Simkarten von lokalen Anbietern an, welche Ihnen den besten Empfang und Geschwindigkeit bieten. Unsere Simkarten [&hellip;]<\/p>\n","protected":false},"author":993,"featured_media":0,"parent":0,"menu_order":0,"comment_status":"closed","ping_status":"closed","template":"","meta":{"site-sidebar-layout":"default","site-content-layout":"plain-container","ast-site-content-layout":"default","site-content-style":"default","site-sidebar-style":"default","ast-global-header-display":"","ast-banner-title-visibility":"","ast-main-header-display":"","ast-hfb-above-header-display":"","ast-hfb-below-header-display":"","ast-hfb-mobile-header-display":"","site-post-title":"","ast-breadcrumbs-content":"","ast-featured-img":"","footer-sml-layout":"","ast-disable-related-posts":"","theme-transparent-header-meta":"default","adv-header-id-meta":"","stick-header-meta":"","header-above-stick-meta":"","header-main-stick-meta":"","header-below-stick-meta":"","astra-migrate-meta-layouts":"default","ast-page-background-enabled":"default","ast-page-background-meta":{"desktop":{"background-color":"","background-image":"","background-repeat":"repeat","background-position":"center center","background-size":"auto","background-attachment":"scroll","background-type":"","background-media":"","overlay-type":"","overlay-color":"","overlay-opacity":"","overlay-gradient":""},"tablet":{"background-color":"","background-image":"","background-repeat":"repeat","background-position":"center center","background-size":"auto","background-attachment":"scroll","background-type":"","background-media":"","overlay-type":"","overlay-color":"","overlay-opacity":"","overlay-gradient":""},"mobile":{"background-color":"","background-image":"","background-repeat":"repeat","background-position":"center center","background-size":"auto","background-attachment":"scroll","background-type":"","background-media":"","overlay-type":"","overlay-color":"","overlay-opacity":"","overlay-gradient":""}},"ast-content-background-meta":{"desktop":{"background-color":"var(--ast-global-color-5)","background-image":"","background-repeat":"repeat","background-position":"center center","background-size":"auto","background-attachment":"scroll","background-type":"","background-media":"","overlay-type":"","overlay-color":"","overlay-opacity":"","overlay-gradient":""},"tablet":{"background-color":"var(--ast-global-color-5)","background-image":"","background-repeat":"repeat","background-position":"center center","background-size":"auto","background-attachment":"scroll","background-type":"","background-media":"","overlay-type":"","overlay-color":"","overlay-opacity":"","overlay-gradient":""},"mobile":{"background-color":"var(--ast-global-color-5)","background-image":"","background-repeat":"repeat","background-position":"center center","background-size":"auto","background-attachment":"scroll","background-type":"","background-media":"","overlay-type":"","overlay-color":"","overlay-opacity":"","overlay-gradient":""}},"footnotes":""},"class_list":["post-69807","page","type-page","status-publish","hentry"],"aioseo_notices":[],"_links":{"self":[{"href":"https:\/\/staging.sim-usa.mobi\/de\/wp-json\/wp\/v2\/pages\/69807","targetHints":{"allow":["GET"]}}],"collection":[{"href":"https:\/\/staging.sim-usa.mobi\/de\/wp-json\/wp\/v2\/pages"}],"about":[{"href":"https:\/\/staging.sim-usa.mobi\/de\/wp-json\/wp\/v2\/types\/page"}],"author":[{"embeddable":true,"href":"https:\/\/staging.sim-usa.mobi\/de\/wp-json\/wp\/v2\/users\/993"}],"replies":[{"embeddable":true,"href":"https:\/\/staging.sim-usa.mobi\/de\/wp-json\/wp\/v2\/comments?post=69807"}],"version-history":[{"count":0,"href":"https:\/\/staging.sim-usa.mobi\/de\/wp-json\/wp\/v2\/pages\/69807\/revisions"}],"wp:attachment":[{"href":"https:\/\/staging.sim-usa.mobi\/de\/wp-json\/wp\/v2\/media?parent=69807"}],"curies":[{"name":"wp","href":"https:\/\/api.w.org\/{rel}","templated":true}]}}